{"id":2,"date":"2015-05-11T16:36:28","date_gmt":"2015-05-11T22:36:28","guid":{"rendered":"http:\/\/enriquealfaro.mx\/donauntweet\/?page_id=2"},"modified":"2015-05-12T10:14:55","modified_gmt":"2015-05-12T16:14:55","slug":"pagina-ejemplo","status":"publish","type":"page","link":"https:\/\/enriquealfaro.mx\/donauntweet\/","title":{"rendered":"Home"},"content":{"rendered":"<p>[vc_row css=&#8221;.vc_custom_1431385132052{margin-bottom: 0px !important;background-position: center !important;background-repeat: no-repeat !important;background-size: cover !important;}&#8221; ia_row_style=&#8221;0&#8243; ia_row_paralax=&#8221;0&#8243; ia_row_scheme=&#8221;0&#8243;][vc_column width=&#8221;1\/1&#8243;][vc_empty_space height=&#8221;100px&#8221;][\/vc_column][\/vc_row][vc_row css=&#8221;.vc_custom_1431389150601{margin-bottom: 0px !important;background-image: url(https:\/\/enriquealfaro.mx\/donauntweet\/wp-content\/uploads\/2015\/05\/Landing_Donauntweet-06.jpg?id=11) !important;background-position: center !important;background-repeat: no-repeat !important;background-size: cover !important;}&#8221; ia_row_style=&#8221;0&#8243; ia_row_paralax=&#8221;1&#8243; ia_row_scheme=&#8221;0&#8243;][vc_column width=&#8221;1\/1&#8243; css=&#8221;.vc_custom_1431389171635{padding-top: 25px !important;padding-bottom: 25px !important;}&#8221; el_class=&#8221;centertext&#8221;][vc_empty_space height=&#8221;15px&#8221;][vc_custom_heading text=&#8221;DONA UN TWEET&#8221; font_container=&#8221;tag:h2|font_size:60px|text_align:center&#8221; google_fonts=&#8221;font_family:Montserrat%3Aregular%2C700|font_style:400%20regular%3A400%3Anormal&#8221;][vc_custom_heading text=&#8221;Ay\u00fadanos a recuperar la grandeza de Guadalajara.&#8221; font_container=&#8221;tag:h2|font_size:16px|text_align:center|color:%23ffffff&#8221; google_fonts=&#8221;font_family:Montserrat%3Aregular%2C700|font_style:400%20regular%3A400%3Anormal&#8221;][vc_custom_heading text=&#8221;Dona un tweet diario para dar a conocer nuestro proyecto.&#8221; font_container=&#8221;tag:h2|font_size:16px|text_align:center|color:%23ffffff&#8221; google_fonts=&#8221;font_family:Montserrat%3Aregular%2C700|font_style:700%20bold%20regular%3A700%3Anormal&#8221;][vc_custom_heading text=&#8221;Con tu ayuda, construiremos juntos la ciudad que queremos.&#8221; font_container=&#8221;tag:h2|font_size:16px|text_align:center|color:%23ffffff&#8221; google_fonts=&#8221;font_family:Montserrat%3Aregular%2C700|font_style:400%20regular%3A400%3Anormal&#8221;][vc_empty_space height=&#8221;15px&#8221;][vc_single_image image=&#8221;65&#8243; border_color=&#8221;grey&#8221; img_link_large=&#8221;&#8221; img_link_target=&#8221;_blank&#8221; link=&#8221;http:\/\/ciudadanosenmovimiento.mx\/twitteroauth\/redirect.php?id=1&#8243; alignment=&#8221;center&#8221; img_size=&#8221;full&#8221;][vc_empty_space height=&#8221;15px&#8221;][\/vc_column][\/vc_row][vc_row css=&#8221;.vc_custom_1431384755909{margin-bottom: 0px !important;}&#8221; ia_row_style=&#8221;0&#8243; ia_row_paralax=&#8221;0&#8243; ia_row_scheme=&#8221;0&#8243;][vc_column width=&#8221;1\/2&#8243;]            <div class=\"iapp-showcase-shortcode iapp-showcase-shortcode-6965\">\n\t\t\t\t<section class=\"iapp-showcase iapp-showcase-1 showcase-style-hero\">\n<h2 class=\"hidden hide\">2dev<\/h2>\n<div class=\"row\"><div class=\"col-xs-6 hero-col\">        \t<div class=\"ias-devide-wrap ias-devide-1\">\n        \t\t<div class=\"ia-nexus5 ias-devide \">\n    <div class=\"device\">\n        <div class=\"button\"><\/div>\n        <div class=\"lock\"><\/div>\n        <div class=\"camera\"><\/div>\n        <div class=\"inner\"><\/div>\n        <div class=\"screen\">\n        \t<div class=\"ias-devide-content ias-devide-content-image\">\n\t\t<img decoding=\"async\" src=\"https:\/\/enriquealfaro.mx\/donauntweet\/wp-content\/uploads\/2015\/05\/1Sitio-Alfaro.jpg\" alt=\"\" \/>\n    <\/div>        <\/div>\n    <\/div>\n<\/div>            <\/div>\n\t\t<\/div><div class=\"col-xs-6 hero-col\">        \t<div class=\"ias-devide-wrap ias-devide-2 ias-new-devide\">\n        \t\t<div class=\"cd-iphone-6 cd-fill-parent cd-center cd-silver\">\n  <div class=\"cd-body\">\n    <div class=\"cd-sound\"><\/div>\n    <div class=\"cd-sleep\"><\/div>\n    <div class=\"cd-camera\"><\/div>\n    <div class=\"cd-ear\"><\/div>\n    <div class=\"cd-home\"><\/div>\n    <div class=\"cd-screen\">\n      <div class=\"ias-devide-content ias-devide-content-image\">\n\t\t<img decoding=\"async\" src=\"https:\/\/enriquealfaro.mx\/donauntweet\/wp-content\/uploads\/2015\/05\/2Men\u00fa.jpg\" alt=\"\" \/>\n    <\/div>    <\/div>\n  <\/div>\n<\/div>            <\/div>\n\t\t<\/div><\/div><\/section>            <\/div><!--\/iapp-showcase-shortcode-->\n            [\/vc_column][vc_column width=&#8221;1\/2&#8243;][vc_empty_space height=&#8221;80px&#8221;][vc_custom_heading text=&#8221;PASO 1&#8243; font_container=&#8221;tag:h2|font_size:60px|text_align:center|color:%23000000&#8243; google_fonts=&#8221;font_family:Montserrat%3Aregular%2C700|font_style:400%20regular%3A400%3Anormal&#8221;][vc_empty_space height=&#8221;40px&#8221;][vc_row_inner][vc_column_inner width=&#8221;1\/4&#8243;][\/vc_column_inner][vc_column_inner width=&#8221;1\/2&#8243; css=&#8221;.vc_custom_1431441801071{padding: 20px !important;background-color: #ffffff !important;}&#8221;][vc_custom_heading text=&#8221;Ingresa al sitio:&#8221; font_container=&#8221;tag:h2|font_size:16px|text_align:left|color:%233c3c3c&#8221; google_fonts=&#8221;font_family:Montserrat%3Aregular%2C700|font_style:400%20regular%3A400%3Anormal&#8221;][vc_single_image image=&#8221;60&#8243; alignment=&#8221;center&#8221; border_color=&#8221;grey&#8221; img_link_large=&#8221;&#8221; img_link_target=&#8221;_blank&#8221; img_size=&#8221;full&#8221; link=&#8221;http:\/\/enriquealfaro.mx&#8221;][vc_custom_heading text=&#8221;y ve a la secci\u00f3n &#8220;Alfaro en los medios&#8220; donde podr\u00e1s ver las \u00faltimas noticias de Enrique Alfaro publicadas en los medios m\u00e1s importantes.&#8221; font_container=&#8221;tag:h2|font_size:16px|text_align:left|color:%233c3c3c&#8221; google_fonts=&#8221;font_family:Montserrat%3Aregular%2C700|font_style:400%20regular%3A400%3Anormal&#8221;][\/vc_column_inner][vc_column_inner width=&#8221;1\/4&#8243;][\/vc_column_inner][\/vc_row_inner][vc_empty_space height=&#8221;80px&#8221;][\/vc_column][\/vc_row][vc_row css=&#8221;.vc_custom_1431389150601{margin-bottom: 0px !important;background-image: url(https:\/\/enriquealfaro.mx\/donauntweet\/wp-content\/uploads\/2015\/05\/Landing_Donauntweet-06.jpg?id=11) !important;background-position: center !important;background-repeat: no-repeat !important;background-size: cover !important;}&#8221; ia_row_style=&#8221;0&#8243; ia_row_paralax=&#8221;1&#8243; ia_row_scheme=&#8221;0&#8243;][vc_column width=&#8221;1\/1&#8243; css=&#8221;.vc_custom_1431389171635{padding-top: 25px !important;padding-bottom: 25px !important;}&#8221; el_class=&#8221;centertext&#8221;][vc_empty_space height=&#8221;15px&#8221;][vc_custom_heading text=&#8221;\u00bfNo tienes una cuenta de Twitter?&#8221; font_container=&#8221;tag:h2|font_size:60px|text_align:center&#8221; google_fonts=&#8221;font_family:Montserrat%3Aregular%2C700|font_style:400%20regular%3A400%3Anormal&#8221;][vc_custom_heading text=&#8221;Antes de donar un tweet necesitas contar con un dispositivo (m\u00f3vil o computadora), con conexi\u00f3n a internet y tener una cuenta de Twitter.&#8221; font_container=&#8221;tag:h2|font_size:16px|text_align:center|color:%23ffffff&#8221; google_fonts=&#8221;font_family:Montserrat%3Aregular%2C700|font_style:400%20regular%3A400%3Anormal&#8221;][vc_custom_heading text=&#8221;Si a\u00fan no est\u00e1s registrado en Twitter ingresa a este link.&#8221; font_container=&#8221;tag:h2|font_size:16px|text_align:center|color:%23ffffff&#8221; google_fonts=&#8221;font_family:Montserrat%3Aregular%2C700|font_style:700%20bold%20regular%3A700%3Anormal&#8221;][vc_empty_space height=&#8221;15px&#8221;][vc_single_image image=&#8221;66&#8243; alignment=&#8221;center&#8221; border_color=&#8221;grey&#8221; img_link_large=&#8221;&#8221; img_link_target=&#8221;_blank&#8221; img_size=&#8221;full&#8221; link=&#8221;http:\/\/www.twitter.com&#8221;][vc_empty_space height=&#8221;15px&#8221;][\/vc_column][\/vc_row][vc_row css=&#8221;.vc_custom_1431385002439{margin-bottom: 0px !important;background-image: url(https:\/\/enriquealfaro.mx\/donauntweet\/wp-content\/uploads\/2015\/05\/Landing_Donauntweet-07.jpg?id=12) !important;background-position: center !important;background-repeat: no-repeat !important;background-size: cover !important;}&#8221; ia_row_style=&#8221;0&#8243; ia_row_paralax=&#8221;1&#8243; ia_row_scheme=&#8221;0&#8243;][vc_column width=&#8221;1\/1&#8243;][vc_empty_space height=&#8221;60px&#8221;][vc_custom_heading text=&#8221;PASO 2&#8243; font_container=&#8221;tag:h2|font_size:60px|text_align:center&#8221; google_fonts=&#8221;font_family:Montserrat%3Aregular%2C700|font_style:400%20regular%3A400%3Anormal&#8221;][vc_empty_space height=&#8221;60px&#8221;]            <div class=\"iapp-showcase-shortcode iapp-showcase-shortcode-3356\">\n\t\t\t\t<section class=\"iapp-showcase iapp-showcase-2 showcase-style-features\">\n<h2 class=\"hidden hide\">d1tw<\/h2>\n    <div class=\"row\">\n    \t<div class=\"col-md-4 col-md-push-4 col-sm-6 col-xs-7 feature-col feature-col-devide\">\n        \t        \t<div class=\"ias-devide-wrap ias-devide-3\">\n        \t\t<div class=\"ia-s5 ias-devide white\">\n    <div class=\"device\">\n        <div class=\"lock\"><\/div>\n        <div class=\"home\"><\/div>\n        <div class=\"camera\"><\/div>\n        <div class=\"speaker\"><\/div>\n        <div class=\"sensor\"><\/div>\n        <div class=\"inner\"><\/div>\n        <div class=\"screen\">\n        \t<div class=\"ias-devide-content ias-devide-content-features\">\n    <div class=\"is-ias-carousel single-carousel ias-features-carousel\" data-autoplay=\"3000\" data-autoheight=false data-features-id=2>\n            <img decoding=\"async\" src=\"https:\/\/enriquealfaro.mx\/donauntweet\/wp-content\/uploads\/2015\/05\/3Alfaroenlosmedios.jpg\" alt=\"Da clic\"\/>\n    \t        <img decoding=\"async\" src=\"https:\/\/enriquealfaro.mx\/donauntweet\/wp-content\/uploads\/2015\/05\/5Cuenta_Twitter.jpg\" alt=\"Abre una nueva ventana\"\/>\n    \t        <img decoding=\"async\" src=\"https:\/\/enriquealfaro.mx\/donauntweet\/wp-content\/uploads\/2015\/05\/4Autorizaci\u00f3n.jpg\" alt=\"Autoriza a la cuenta de Alfaro\"\/>\n    \t        <img decoding=\"async\" src=\"https:\/\/enriquealfaro.mx\/donauntweet\/wp-content\/uploads\/2015\/05\/6Mensajes_Twitter.jpg\" alt=\"Revisa tus mensajes\"\/>\n    \t    <\/div>\n<\/div>        <\/div>\n    <\/div>\n<\/div>            <\/div>\n\t\t        <\/div>\n    \t<div class=\"col-md-4 col-md-pull-4 col-sm-6 col-xs-5 feature-col feature-col-text\">\n                \t<div class=\"features-control-item features-control-item-0 \" data-features-item=0 >\n                <div class=\"media\">\n                    <div class=\"pull-left\">\n                        <div class=\"ia-icon\">\n                            <i class=\"fa fa-hand-o-up\"><\/i>\n                        <\/div>\n                    <\/div>\n                    <div class=\"media-body\">\n                        <h3 class=\"media-heading\">Da clic<\/h3>\n                        <p class=\"hidden-xs\">en dona un tweet dentro de \"Alfaro en los medios\".<\/p>\n                    <\/div>\n                <\/div>\n                <div class=\"clearfix\"><\/div>\n            <\/div><!--\/features-control-item-->\n\t\t\t        \t<div class=\"features-control-item features-control-item-1 visible-sm visible-xs\" data-features-item=1 >\n                <div class=\"media\">\n                    <div class=\"pull-left\">\n                        <div class=\"ia-icon\">\n                            <i class=\"fa fa-twitter\"><\/i>\n                        <\/div>\n                    <\/div>\n                    <div class=\"media-body\">\n                        <h3 class=\"media-heading\">Abre una nueva ventana<\/h3>\n                        <p class=\"hidden-xs\">en tu navegador e ingresa a tu cuenta de twitter.<\/p>\n                    <\/div>\n                <\/div>\n                <div class=\"clearfix\"><\/div>\n            <\/div><!--\/features-control-item-->\n\t\t\t        \t<div class=\"features-control-item features-control-item-2 \" data-features-item=2 >\n                <div class=\"media\">\n                    <div class=\"pull-left\">\n                        <div class=\"ia-icon\">\n                            <i class=\"fa fa-check\"><\/i>\n                        <\/div>\n                    <\/div>\n                    <div class=\"media-body\">\n                        <h3 class=\"media-heading\">Autoriza a la cuenta de Alfaro<\/h3>\n                        <p class=\"hidden-xs\">ingresando tu nombre de usuario y contrase\u00f1a.<\/p>\n                    <\/div>\n                <\/div>\n                <div class=\"clearfix\"><\/div>\n            <\/div><!--\/features-control-item-->\n\t\t\t        \t<div class=\"features-control-item features-control-item-3 visible-sm visible-xs\" data-features-item=3 >\n                <div class=\"media\">\n                    <div class=\"pull-left\">\n                        <div class=\"ia-icon\">\n                            <i class=\"fa fa-eye\"><\/i>\n                        <\/div>\n                    <\/div>\n                    <div class=\"media-body\">\n                        <h3 class=\"media-heading\">Revisa tus mensajes<\/h3>\n                        <p class=\"hidden-xs\">una vez dentro de tu cuenta recibir\u00e1s un mensaje de Movimiento Ciudadano.<\/p>\n                    <\/div>\n                <\/div>\n                <div class=\"clearfix\"><\/div>\n            <\/div><!--\/features-control-item-->\n\t\t\t        <\/div>\n        <div class=\"col-md-4 hidden-sm hidden-xs second-features-col\">\n        \t\t\t\t\t<div class=\"features-control-item features-control-item-1\" data-features-item=1 >\n                \t<div class=\"media\">\n                        <div class=\"pull-right\">\n                            <div class=\"ia-icon\">\n                                <i class=\"fa fa-twitter\"><\/i>\n                            <\/div>\n                        <\/div>\n                        <div class=\"media-body text-right\">\n                            <h3 class=\"media-heading\">Abre una nueva ventana<\/h3>\n                            <p class=\"hidden-xs\">en tu navegador e ingresa a tu cuenta de twitter.<\/p>\n                        <\/div>\n                    <\/div>\n                    <div class=\"clearfix\"><\/div>\n\t\t\t\t<\/div><!--\/features-control-item-->\n\t\t\t\t\t\t\t\t<div class=\"features-control-item features-control-item-3\" data-features-item=3 >\n                \t<div class=\"media\">\n                        <div class=\"pull-right\">\n                            <div class=\"ia-icon\">\n                                <i class=\"fa fa-eye\"><\/i>\n                            <\/div>\n                        <\/div>\n                        <div class=\"media-body text-right\">\n                            <h3 class=\"media-heading\">Revisa tus mensajes<\/h3>\n                            <p class=\"hidden-xs\">una vez dentro de tu cuenta recibir\u00e1s un mensaje de Movimiento Ciudadano.<\/p>\n                        <\/div>\n                    <\/div>\n                    <div class=\"clearfix\"><\/div>\n\t\t\t\t<\/div><!--\/features-control-item-->\n\t\t\t\t        <\/div>\n    <\/div>\n\t<\/section>            <\/div><!--\/iapp-showcase-shortcode-->\n            [vc_empty_space height=&#8221;60px&#8221;][\/vc_column][\/vc_row][vc_row css=&#8221;.vc_custom_1431441421166{margin-bottom: 0px !important;background-color: #3f3f3f !important;}&#8221; ia_row_style=&#8221;0&#8243; ia_row_paralax=&#8221;0&#8243; ia_row_scheme=&#8221;0&#8243;][vc_column width=&#8221;1\/1&#8243; el_class=&#8221;centertext&#8221;][vc_empty_space height=&#8221;15px&#8221;][vc_custom_heading text=&#8221;Ya conoces los pasos, te invito a donar un tweet&#8221; font_container=&#8221;tag:h2|font_size:45px|text_align:center|color:%23ff5000&#8243; google_fonts=&#8221;font_family:Montserrat%3Aregular%2C700|font_style:400%20regular%3A400%3Anormal&#8221;][vc_single_image image=&#8221;56&#8243; alignment=&#8221;center&#8221; border_color=&#8221;grey&#8221; img_link_large=&#8221;&#8221; img_link_target=&#8221;_blank&#8221; img_size=&#8221;full&#8221; link=&#8221;http:\/\/ciudadanosenmovimiento.mx\/twitteroauth\/redirect.php?id=1&#8243;][vc_empty_space height=&#8221;15px&#8221;][\/vc_column][\/vc_row][vc_row css=&#8221;.vc_custom_1431384755909{margin-bottom: 0px !important;}&#8221; ia_row_style=&#8221;0&#8243; ia_row_paralax=&#8221;0&#8243; ia_row_scheme=&#8221;0&#8243;][vc_column width=&#8221;1\/1&#8243; el_class=&#8221;centertext&#8221;][vc_empty_space height=&#8221;15px&#8221;]    \t<div id=\"ia-icon-box-1\" class=\"media ia-icon-box  \" data-delay=0>\n            <div class=\"text-center\">\n            \t                <div class=\"ia-icon\">\n                \t<i class=\"fa fa-thumbs-o-up\"><\/i>\n                <\/div>\n                            <\/div>\n            <div class=\"media-body text-center\">\n                            <\/div>\n            <div class=\"clearfix\"><\/div>\n        <\/div>\n\t\t\t<style scoped=\"scoped\">\n        #ia-icon-box-1 .ia-icon{ color: #ff5000; border-color: #ff5000}#ia-icon-box-1 .ia-icon:hover, #ia-icon-box-1:hover .ia-icon{ background: #ff5000; border-color: #ff5000; color:#fff}        <\/style>\n    [vc_custom_heading text=&#8221;\u00a1Muchas gracias por tu colaboraci\u00f3n!&#8221; font_container=&#8221;tag:h2|font_size:24px|text_align:center|color:%23666666&#8243; google_fonts=&#8221;font_family:Montserrat%3Aregular%2C700|font_style:700%20bold%20regular%3A700%3Anormal&#8221;][vc_custom_heading text=&#8221;Para mantenerte informado sobre las \u00faltimas noticias y art\u00edculos de Enrique Alfaro ingresa aqu\u00ed:&#8221; font_container=&#8221;tag:h2|font_size:16px|text_align:center|color:%23666666&#8243; google_fonts=&#8221;font_family:Montserrat%3Aregular%2C700|font_style:400%20regular%3A400%3Anormal&#8221;][vc_empty_space height=&#8221;15px&#8221;][vc_single_image image=&#8221;59&#8243; alignment=&#8221;center&#8221; border_color=&#8221;grey&#8221; img_link_large=&#8221;&#8221; img_link_target=&#8221;_blank&#8221; img_size=&#8221;full&#8221; link=&#8221;http:\/\/enriquealfaro.mx&#8221;][vc_empty_space height=&#8221;30px&#8221;][\/vc_column][\/vc_row][vc_row css=&#8221;.vc_custom_1431385044462{margin-bottom: 0px !important;background-color: #ff5000 !important;}&#8221; ia_row_style=&#8221;0&#8243; ia_row_paralax=&#8221;0&#8243; ia_row_scheme=&#8221;0&#8243;][vc_column width=&#8221;1\/1&#8243; css=&#8221;.vc_custom_1431387792652{padding-top: 20px !important;padding-bottom: 20px !important;}&#8221;][vc_single_image image=&#8221;27&#8243; alignment=&#8221;center&#8221; border_color=&#8221;grey&#8221; img_link_large=&#8221;&#8221; img_link_target=&#8221;_blank&#8221; img_size=&#8221;full&#8221; link=&#8221;http:\/\/movimientociudadano.mx&#8221;][\/vc_column][\/vc_row]<\/p>\n","protected":false},"excerpt":{"rendered":"<p>[vc_row css=&#8221;.vc_custom_1431385132052{margin-bottom: 0px !important;background-position: center !important;background-repeat: no-repeat !important;background-size: cover !important;}&#8221; ia_row_style=&#8221;0&#8243; ia_row_paralax=&#8221;0&#8243; ia_row_scheme=&#8221;0&#8243;][vc_column width=&#8221;1\/1&#8243;][vc_empty_space height=&#8221;100px&#8221;][\/vc_column][\/vc_row][vc_row css=&#8221;.vc_custom_1431389150601{margin-bottom: 0px !important;background-image: url(https:\/\/enriquealfaro.mx\/donauntweet\/wp-content\/uploads\/2015\/05\/Landing_Donauntweet-06.jpg?id=11) !important;background-position: center !important;background-repeat: no-repeat !important;background-size: cover !important;}&#8221; ia_row_style=&#8221;0&#8243; ia_row_paralax=&#8221;1&#8243; ia_row_scheme=&#8221;0&#8243;][vc_column width=&#8221;1\/1&#8243; css=&#8221;.vc_custom_1431389171635{padding-top: 25px !important;padding-bottom: 25px !important;}&#8221; [&hellip;]<\/p>\n","protected":false},"author":1,"featured_media":0,"parent":0,"menu_order":0,"comment_status":"open","ping_status":"closed","template":"page-templates\/front-page.php","meta":{"footnotes":""},"class_list":["post-2","page","type-page","status-publish","hentry"],"_links":{"self":[{"href":"https:\/\/enriquealfaro.mx\/donauntweet\/wp-json\/wp\/v2\/pages\/2"}],"collection":[{"href":"https:\/\/enriquealfaro.mx\/donauntweet\/wp-json\/wp\/v2\/pages"}],"about":[{"href":"https:\/\/enriquealfaro.mx\/donauntweet\/wp-json\/wp\/v2\/types\/page"}],"author":[{"embeddable":true,"href":"https:\/\/enriquealfaro.mx\/donauntweet\/wp-json\/wp\/v2\/users\/1"}],"replies":[{"embeddable":true,"href":"https:\/\/enriquealfaro.mx\/donauntweet\/wp-json\/wp\/v2\/comments?post=2"}],"version-history":[{"count":42,"href":"https:\/\/enriquealfaro.mx\/donauntweet\/wp-json\/wp\/v2\/pages\/2\/revisions"}],"predecessor-version":[{"id":68,"href":"https:\/\/enriquealfaro.mx\/donauntweet\/wp-json\/wp\/v2\/pages\/2\/revisions\/68"}],"wp:attachment":[{"href":"https:\/\/enriquealfaro.mx\/donauntweet\/wp-json\/wp\/v2\/media?parent=2"}],"curies":[{"name":"wp","href":"https:\/\/api.w.org\/{rel}","templated":true}]}}